{"id":11,"date":"2016-04-04T20:01:48","date_gmt":"2016-04-04T20:01:48","guid":{"rendered":"http:\/\/www.axon-software.biz\/a\/?page_id=11"},"modified":"2024-05-25T14:27:50","modified_gmt":"2024-05-25T14:27:50","slug":"quienes-somos","status":"publish","type":"page","link":"https:\/\/www.axon-software.biz\/a\/","title":{"rendered":"\u00bfQui\u00e9nes Somos?"},"content":{"rendered":"\t\t<div data-elementor-type=\"wp-page\" data-elementor-id=\"11\" class=\"elementor elementor-11\">\n\t\t\t\t\t\t\t\t\t<section class=\"elementor-section elementor-top-section elementor-element elementor-element-0c02f70 elementor-section-boxed elementor-section-height-default elementor-section-height-default\" data-id=\"0c02f70\" data-element_type=\"section\">\n\t\t\t\t\t\t<div class=\"elementor-container elementor-column-gap-default\">\n\t\t\t\t\t<div class=\"elementor-column elementor-col-100 elementor-top-column elementor-element elementor-element-dde3625\" data-id=\"dde3625\" data-element_type=\"column\">\n\t\t\t<div class=\"elementor-widget-wrap elementor-element-populated\">\n\t\t\t\t\t\t\t\t<div class=\"elementor-element elementor-element-f3dfe04 elementor-widget elementor-widget-image\" data-id=\"f3dfe04\" data-element_type=\"widget\" data-widget_type=\"image.default\">\n\t\t\t\t<div class=\"elementor-widget-container\">\n\t\t\t\t\t\t\t\t\t\t\t\t\t\t\t<img loading=\"lazy\" decoding=\"async\" width=\"620\" height=\"411\" src=\"https:\/\/www.axon-software.biz\/a\/wp-content\/uploads\/2020\/11\/axon.jpg\" class=\"attachment-large size-large wp-image-133\" alt=\"\" srcset=\"https:\/\/www.axon-software.biz\/a\/wp-content\/uploads\/2020\/11\/axon.jpg 620w, https:\/\/www.axon-software.biz\/a\/wp-content\/uploads\/2020\/11\/axon-300x199.jpg 300w\" sizes=\"(max-width: 620px) 100vw, 620px\" \/>\t\t\t\t\t\t\t\t\t\t\t\t\t\t\t<\/div>\n\t\t\t\t<\/div>\n\t\t\t\t\t<\/div>\n\t\t<\/div>\n\t\t\t\t\t\t\t<\/div>\n\t\t<\/section>\n\t\t\t\t<section class=\"elementor-section elementor-top-section elementor-element elementor-element-420ed614 elementor-section-boxed elementor-section-height-default elementor-section-height-default\" data-id=\"420ed614\" data-element_type=\"section\">\n\t\t\t\t\t\t<div class=\"elementor-container elementor-column-gap-default\">\n\t\t\t\t\t<div class=\"elementor-column elementor-col-100 elementor-top-column elementor-element elementor-element-654ade22\" data-id=\"654ade22\" data-element_type=\"column\">\n\t\t\t<div class=\"elementor-widget-wrap elementor-element-populated\">\n\t\t\t\t\t\t\t\t<div class=\"elementor-element elementor-element-393cc9fa elementor-widget elementor-widget-text-editor\" data-id=\"393cc9fa\" data-element_type=\"widget\" data-widget_type=\"text-editor.default\">\n\t\t\t\t<div class=\"elementor-widget-container\">\n\t\t\t\t\t\t\t<p style=\"text-align: justify;\">Ax\u00f3n Software es una compa\u00f1\u00eda dedicada al <strong>Desarrollo de Soluciones Inform\u00e1ticas. <\/strong>Hemos participado en proyectos variados, con clientes como: la Alcald\u00eda de Bogot\u00e1, Planeaci\u00f3n Nacional, Federaci\u00f3n de Cafeteros y la Cruz Roja Francesa. Tenemos especial aprecio por proyectos de <strong>desarrollo social, el sector de la educaci\u00f3n y el sector salud.<\/strong><\/p><p style=\"text-align: justify;\">Creemos firmemente que la sociedad actual requiere de la tecnolog\u00eda para administrar los grandes vol\u00famenes de datos generados y que son necesarios para la operaci\u00f3n diaria dentro de una organizaci\u00f3n. Esa es<strong> nuestra especialidad: <\/strong>aplicar la tecnolog\u00eda para la g<strong>esti\u00f3n de la informaci\u00f3n organizacional,<\/strong> cuando se requiere nos aliamos y formamos equipo con otras empresas de excelencia profesional.<\/p><h1><strong>Misi\u00f3n<\/strong><\/h1><p style=\"text-align: justify;\">Desarrollar soluciones de tecnolog\u00eda para <strong>organizaciones<\/strong> que busquen optimizar sus procesos de <strong>gesti\u00f3n de informaci\u00f3n,<\/strong> proporcionando a nuestros clientes servicios y productos de calidad; a sus accionistas una rentabilidad creciente y sostenible, y a sus empleados la posibilidad de desarrollarse profesionalmente.<\/p><h1><strong>Visi\u00f3n<\/strong><\/h1><p style=\"text-align: justify;\">Producir las mejores <strong>soluciones tecnol\u00f3gicas,<\/strong> teniendo como base la comunicaci\u00f3n asertiva con los clientes y la <strong>innovaci\u00f3n permanente<\/strong> en herramientas tecnol\u00f3gicas. Esto nos dar\u00e1 un diferencial \u00fanico que nos identifique y a la vez nos haga mas competitivos, alcanzando y manteniendo un <strong>liderazgo<\/strong> en el <strong>mercado.<\/strong><\/p><h1><strong>\u00bfPor qu\u00e9 elegirnos?<\/strong><\/h1><p style=\"text-align: justify;\">Si su organizaci\u00f3n trabaja enmarcada en planes de trabajo y cumplimiento de metas, somos el aliado que est\u00e1 buscando.<\/p><p style=\"text-align: justify;\">El compromiso es una constante en nuestros proyectos, permiti\u00e9ndonos generar un v\u00ednculo duradero y muy cercano con nuestros clientes. Nuestra experiencia y personal calificado nos permiten obtener resultados de calidad donde la innovaci\u00f3n es nuestra principal herramienta.<\/p><h1><strong>Estamos comprometidos con:<\/strong><\/h1><ul><li style=\"text-align: justify;\">El desarrollo de productos de calidad.<\/li><li style=\"text-align: justify;\">El cumplimiento de cronogramas y fechas de entrega.<\/li><li style=\"text-align: justify;\">La implementaci\u00f3n de soluciones que evidencien una mejora dentro de su organizaci\u00f3n.<\/li><li style=\"text-align: justify;\">El mejoramiento contin\u00fao de los procesos de nuestra organizaci\u00f3n.<\/li><\/ul>\t\t\t\t\t\t<\/div>\n\t\t\t\t<\/div>\n\t\t\t\t\t<\/div>\n\t\t<\/div>\n\t\t\t\t\t\t\t<\/div>\n\t\t<\/section>\n\t\t\t\t<section class=\"elementor-section elementor-top-section elementor-element elementor-element-ee29669 elementor-section-boxed elementor-section-height-default elementor-section-height-default\" data-id=\"ee29669\" data-element_type=\"section\">\n\t\t\t\t\t\t<div class=\"elementor-container elementor-column-gap-default\">\n\t\t\t\t\t<div class=\"elementor-column elementor-col-100 elementor-top-column elementor-element elementor-element-4b720fc\" data-id=\"4b720fc\" data-element_type=\"column\">\n\t\t\t<div class=\"elementor-widget-wrap elementor-element-populated\">\n\t\t\t\t\t\t\t\t<div class=\"elementor-element elementor-element-411b690 elementor-widget elementor-widget-html\" data-id=\"411b690\" data-element_type=\"widget\" data-widget_type=\"html.default\">\n\t\t\t\t<div class=\"elementor-widget-container\">\n\t\t\t<iframe loading=\"lazy\" src=\"\/\/axon-software.biz\/jeanp\/ne\/index\/indexu.php\" style=\"border:none;\" width=\"100%\" height=\"350\"><\/iframe>\t\t<\/div>\n\t\t\t\t<\/div>\n\t\t\t\t\t<\/div>\n\t\t<\/div>\n\t\t\t\t\t\t\t<\/div>\n\t\t<\/section>\n\t\t\t\t\t\t\t<\/div>\n\t\t","protected":false},"excerpt":{"rendered":"<p>Ax\u00f3n Software es una compa\u00f1\u00eda dedicada al Desarrollo de Soluciones Inform\u00e1ticas. Hemos participado en proyectos variados, con clientes como: la Alcald\u00eda de Bogot\u00e1, Planeaci\u00f3n Nacional, Federaci\u00f3n de Cafeteros y la Cruz Roja Francesa. Tenemos especial aprecio por proyectos de desarrollo social, el sector de la educaci\u00f3n y el sector salud. Creemos firmemente que la sociedad<a href=\"https:\/\/www.axon-software.biz\/a\/\">[&#8230;]<\/a><\/p>\n","protected":false},"author":1,"featured_media":0,"parent":0,"menu_order":0,"comment_status":"closed","ping_status":"closed","template":"","meta":{"footnotes":""},"_links":{"self":[{"href":"https:\/\/www.axon-software.biz\/a\/wp-json\/wp\/v2\/pages\/11"}],"collection":[{"href":"https:\/\/www.axon-software.biz\/a\/wp-json\/wp\/v2\/pages"}],"about":[{"href":"https:\/\/www.axon-software.biz\/a\/wp-json\/wp\/v2\/types\/page"}],"author":[{"embeddable":true,"href":"https:\/\/www.axon-software.biz\/a\/wp-json\/wp\/v2\/users\/1"}],"replies":[{"embeddable":true,"href":"https:\/\/www.axon-software.biz\/a\/wp-json\/wp\/v2\/comments?post=11"}],"version-history":[{"count":20,"href":"https:\/\/www.axon-software.biz\/a\/wp-json\/wp\/v2\/pages\/11\/revisions"}],"predecessor-version":[{"id":288,"href":"https:\/\/www.axon-software.biz\/a\/wp-json\/wp\/v2\/pages\/11\/revisions\/288"}],"wp:attachment":[{"href":"https:\/\/www.axon-software.biz\/a\/wp-json\/wp\/v2\/media?parent=11"}],"curies":[{"name":"wp","href":"https:\/\/api.w.org\/{rel}","templated":true}]}}