{"id":26,"date":"2016-04-04T20:29:33","date_gmt":"2016-04-04T20:29:33","guid":{"rendered":"http:\/\/www.axon-software.biz\/a\/?page_id=26"},"modified":"2020-11-27T21:59:58","modified_gmt":"2020-11-27T21:59:58","slug":"software-para-colegios","status":"publish","type":"page","link":"https:\/\/www.axon-software.biz\/a\/software-para-colegios\/","title":{"rendered":"Software Para Colegios"},"content":{"rendered":"\t\t<div data-elementor-type=\"wp-page\" data-elementor-id=\"26\" class=\"elementor elementor-26\">\n\t\t\t\t\t\t\t\t\t<section class=\"elementor-section elementor-top-section elementor-element elementor-element-c516aef elementor-section-boxed elementor-section-height-default elementor-section-height-default\" data-id=\"c516aef\" data-element_type=\"section\">\n\t\t\t\t\t\t<div class=\"elementor-container elementor-column-gap-default\">\n\t\t\t\t\t<div class=\"elementor-column elementor-col-100 elementor-top-column elementor-element elementor-element-40aa485\" data-id=\"40aa485\" data-element_type=\"column\">\n\t\t\t<div class=\"elementor-widget-wrap elementor-element-populated\">\n\t\t\t\t\t\t\t\t<div class=\"elementor-element elementor-element-13924b2 elementor-widget elementor-widget-image\" data-id=\"13924b2\" data-element_type=\"widget\" data-widget_type=\"image.default\">\n\t\t\t\t<div class=\"elementor-widget-container\">\n\t\t\t\t\t\t\t\t\t\t\t\t\t\t\t<img loading=\"lazy\" decoding=\"async\" width=\"620\" height=\"411\" src=\"https:\/\/www.axon-software.biz\/a\/wp-content\/uploads\/2020\/11\/axonsoftwarecolegios.jpg\" class=\"attachment-large size-large wp-image-153\" alt=\"\" srcset=\"https:\/\/www.axon-software.biz\/a\/wp-content\/uploads\/2020\/11\/axonsoftwarecolegios.jpg 620w, https:\/\/www.axon-software.biz\/a\/wp-content\/uploads\/2020\/11\/axonsoftwarecolegios-300x199.jpg 300w\" sizes=\"(max-width: 620px) 100vw, 620px\" \/>\t\t\t\t\t\t\t\t\t\t\t\t\t\t\t<\/div>\n\t\t\t\t<\/div>\n\t\t\t\t\t<\/div>\n\t\t<\/div>\n\t\t\t\t\t\t\t<\/div>\n\t\t<\/section>\n\t\t\t\t<section class=\"elementor-section elementor-top-section elementor-element elementor-element-5725cbf9 elementor-section-boxed elementor-section-height-default elementor-section-height-default\" data-id=\"5725cbf9\" data-element_type=\"section\">\n\t\t\t\t\t\t<div class=\"elementor-container elementor-column-gap-default\">\n\t\t\t\t\t<div class=\"elementor-column elementor-col-100 elementor-top-column elementor-element elementor-element-60d56f35\" data-id=\"60d56f35\" data-element_type=\"column\">\n\t\t\t<div class=\"elementor-widget-wrap elementor-element-populated\">\n\t\t\t\t\t\t\t\t<div class=\"elementor-element elementor-element-21c5d819 elementor-widget elementor-widget-text-editor\" data-id=\"21c5d819\" data-element_type=\"widget\" data-widget_type=\"text-editor.default\">\n\t\t\t\t<div class=\"elementor-widget-container\">\n\t\t\t\t\t\t\t<p style=\"text-align: justify;\">Contamos con una completa l\u00ednea de productos para la <strong>gesti\u00f3n escolar,<\/strong> el recaudo de dineros, el control de acceso al colegio y la gesti\u00f3n de informaci\u00f3n de a\u00f1os anteriores.<\/p><p style=\"text-align: justify;\"><br \/>Por internet ofrecemos servicios de <strong>matriculas,<\/strong> procesamiento de planillas y consulta de informaci\u00f3n para <strong>docentes, estudiantes y padres de familia.<\/strong> Tenemos productos de nuestra l\u00ednea academia, instalados en m\u00e1s de <strong>100 colegios <\/strong>en Colombia.<\/p>\t\t\t\t\t\t<\/div>\n\t\t\t\t<\/div>\n\t\t\t\t\t<\/div>\n\t\t<\/div>\n\t\t\t\t\t\t\t<\/div>\n\t\t<\/section>\n\t\t\t\t<section class=\"elementor-section elementor-top-section elementor-element elementor-element-ac09d66 elementor-section-boxed elementor-section-height-default elementor-section-height-default\" data-id=\"ac09d66\" data-element_type=\"section\">\n\t\t\t\t\t\t<div class=\"elementor-container elementor-column-gap-default\">\n\t\t\t\t\t<div class=\"elementor-column elementor-col-100 elementor-top-column elementor-element elementor-element-61faaa9\" data-id=\"61faaa9\" data-element_type=\"column\">\n\t\t\t<div class=\"elementor-widget-wrap elementor-element-populated\">\n\t\t\t\t\t\t\t\t<div class=\"elementor-element elementor-element-306091f elementor-widget elementor-widget-heading\" data-id=\"306091f\" data-element_type=\"widget\" data-widget_type=\"heading.default\">\n\t\t\t\t<div class=\"elementor-widget-container\">\n\t\t\t<h2 class=\"elementor-heading-title elementor-size-default\"><a href=\"http:\/\/notaescolar.com\/s19\/\">Conoce nuestra plataforma de NotaEscolar<\/a><\/h2>\t\t<\/div>\n\t\t\t\t<\/div>\n\t\t\t\t\t<\/div>\n\t\t<\/div>\n\t\t\t\t\t\t\t<\/div>\n\t\t<\/section>\n\t\t\t\t<section class=\"elementor-section elementor-top-section elementor-element elementor-element-1051063 elementor-section-boxed elementor-section-height-default elementor-section-height-default\" data-id=\"1051063\" data-element_type=\"section\">\n\t\t\t\t\t\t<div class=\"elementor-container elementor-column-gap-default\">\n\t\t\t\t\t<div class=\"elementor-column elementor-col-100 elementor-top-column elementor-element elementor-element-2adb6cb\" data-id=\"2adb6cb\" data-element_type=\"column\">\n\t\t\t<div class=\"elementor-widget-wrap elementor-element-populated\">\n\t\t\t\t\t\t\t\t<div class=\"elementor-element elementor-element-ab29972 elementor-widget elementor-widget-text-editor\" data-id=\"ab29972\" data-element_type=\"widget\" data-widget_type=\"text-editor.default\">\n\t\t\t\t<div class=\"elementor-widget-container\">\n\t\t\t\t\t\t\t<p style=\"text-align: right;\"><em>(Clic en el texto)<\/em><\/p>\t\t\t\t\t\t<\/div>\n\t\t\t\t<\/div>\n\t\t\t\t\t<\/div>\n\t\t<\/div>\n\t\t\t\t\t\t\t<\/div>\n\t\t<\/section>\n\t\t\t\t\t\t\t<\/div>\n\t\t","protected":false},"excerpt":{"rendered":"<p>Contamos con una completa l\u00ednea de productos para la gesti\u00f3n escolar, el recaudo de dineros, el control de acceso al colegio y la gesti\u00f3n de informaci\u00f3n de a\u00f1os anteriores. Por internet ofrecemos servicios de matriculas, procesamiento de planillas y consulta de informaci\u00f3n para docentes, estudiantes y padres de familia. Tenemos productos de nuestra l\u00ednea academia,<a href=\"https:\/\/www.axon-software.biz\/a\/software-para-colegios\/\">[&#8230;]<\/a><\/p>\n","protected":false},"author":1,"featured_media":0,"parent":0,"menu_order":0,"comment_status":"closed","ping_status":"closed","template":"","meta":{"footnotes":""},"_links":{"self":[{"href":"https:\/\/www.axon-software.biz\/a\/wp-json\/wp\/v2\/pages\/26"}],"collection":[{"href":"https:\/\/www.axon-software.biz\/a\/wp-json\/wp\/v2\/pages"}],"about":[{"href":"https:\/\/www.axon-software.biz\/a\/wp-json\/wp\/v2\/types\/page"}],"author":[{"embeddable":true,"href":"https:\/\/www.axon-software.biz\/a\/wp-json\/wp\/v2\/users\/1"}],"replies":[{"embeddable":true,"href":"https:\/\/www.axon-software.biz\/a\/wp-json\/wp\/v2\/comments?post=26"}],"version-history":[{"count":10,"href":"https:\/\/www.axon-software.biz\/a\/wp-json\/wp\/v2\/pages\/26\/revisions"}],"predecessor-version":[{"id":162,"href":"https:\/\/www.axon-software.biz\/a\/wp-json\/wp\/v2\/pages\/26\/revisions\/162"}],"wp:attachment":[{"href":"https:\/\/www.axon-software.biz\/a\/wp-json\/wp\/v2\/media?parent=26"}],"curies":[{"name":"wp","href":"https:\/\/api.w.org\/{rel}","templated":true}]}}