{"id":28,"date":"2016-04-04T20:31:56","date_gmt":"2016-04-04T20:31:56","guid":{"rendered":"http:\/\/www.axon-software.biz\/a\/?page_id=28"},"modified":"2020-11-27T20:23:51","modified_gmt":"2020-11-27T20:23:51","slug":"desarrollo-de-software","status":"publish","type":"page","link":"https:\/\/www.axon-software.biz\/a\/desarrollo-de-software\/","title":{"rendered":"Desarrollo De Software"},"content":{"rendered":"\t\t<div data-elementor-type=\"wp-page\" data-elementor-id=\"28\" class=\"elementor elementor-28\">\n\t\t\t\t\t\t\t\t\t<section class=\"elementor-section elementor-top-section elementor-element elementor-element-aa3f527 elementor-section-boxed elementor-section-height-default elementor-section-height-default\" data-id=\"aa3f527\" data-element_type=\"section\">\n\t\t\t\t\t\t<div class=\"elementor-container elementor-column-gap-default\">\n\t\t\t\t\t<div class=\"elementor-column elementor-col-100 elementor-top-column elementor-element elementor-element-27cbfaa\" data-id=\"27cbfaa\" data-element_type=\"column\">\n\t\t\t<div class=\"elementor-widget-wrap elementor-element-populated\">\n\t\t\t\t\t\t\t\t<div class=\"elementor-element elementor-element-7f9cb3e elementor-widget elementor-widget-image\" data-id=\"7f9cb3e\" data-element_type=\"widget\" data-widget_type=\"image.default\">\n\t\t\t\t<div class=\"elementor-widget-container\">\n\t\t\t\t\t\t\t\t\t\t\t\t\t\t\t<img loading=\"lazy\" decoding=\"async\" width=\"620\" height=\"411\" src=\"https:\/\/www.axon-software.biz\/a\/wp-content\/uploads\/2020\/11\/axonsoftware.jpg\" class=\"attachment-large size-large wp-image-138\" alt=\"\" srcset=\"https:\/\/www.axon-software.biz\/a\/wp-content\/uploads\/2020\/11\/axonsoftware.jpg 620w, https:\/\/www.axon-software.biz\/a\/wp-content\/uploads\/2020\/11\/axonsoftware-300x199.jpg 300w\" sizes=\"(max-width: 620px) 100vw, 620px\" \/>\t\t\t\t\t\t\t\t\t\t\t\t\t\t\t<\/div>\n\t\t\t\t<\/div>\n\t\t\t\t\t<\/div>\n\t\t<\/div>\n\t\t\t\t\t\t\t<\/div>\n\t\t<\/section>\n\t\t\t\t<section class=\"elementor-section elementor-top-section elementor-element elementor-element-7efe80f2 elementor-section-boxed elementor-section-height-default elementor-section-height-default\" data-id=\"7efe80f2\" data-element_type=\"section\">\n\t\t\t\t\t\t<div class=\"elementor-container elementor-column-gap-default\">\n\t\t\t\t\t<div class=\"elementor-column elementor-col-100 elementor-top-column elementor-element elementor-element-5a458764\" data-id=\"5a458764\" data-element_type=\"column\">\n\t\t\t<div class=\"elementor-widget-wrap elementor-element-populated\">\n\t\t\t\t\t\t\t\t<div class=\"elementor-element elementor-element-30be4477 elementor-widget elementor-widget-text-editor\" data-id=\"30be4477\" data-element_type=\"widget\" data-widget_type=\"text-editor.default\">\n\t\t\t\t<div class=\"elementor-widget-container\">\n\t\t\t\t\t\t\t<p style=\"text-align: justify;\" align=\"justify\">A partir de las necesidades de nuestros clientes, Ax\u00f3n ejecuta todo el proceso que se requiere en la <strong>creaci\u00f3n<\/strong> de p<strong>roductos de software:<\/strong> estudio organizacional, dise\u00f1o arquitect\u00f3nico, construcci\u00f3n e implantaci\u00f3n, usando las \u00faltimas y m\u00e1s eficientes tecnolog\u00edas.<\/p><p style=\"text-align: justify;\" align=\"justify\">Hemos desarrollado m\u00e1s de <strong>20 proyectos<\/strong> de mediana y alta envergadura, en los sectores de: <strong>salud, educaci\u00f3n, y agricultura.<\/strong> Tambi\u00e9n, desarrollamos proyectos a la medida, para un cliente en particular, o en la construcci\u00f3n de productos gen\u00e9ricos.<\/p>\t\t\t\t\t\t<\/div>\n\t\t\t\t<\/div>\n\t\t\t\t\t<\/div>\n\t\t<\/div>\n\t\t\t\t\t\t\t<\/div>\n\t\t<\/section>\n\t\t\t\t\t\t\t<\/div>\n\t\t","protected":false},"excerpt":{"rendered":"<p>A partir de las necesidades de nuestros clientes, Ax\u00f3n ejecuta todo el proceso que se requiere en la creaci\u00f3n de productos de software: estudio organizacional, dise\u00f1o arquitect\u00f3nico, construcci\u00f3n e implantaci\u00f3n, usando las \u00faltimas y m\u00e1s eficientes tecnolog\u00edas. Hemos desarrollado m\u00e1s de 20 proyectos de mediana y alta envergadura, en los sectores de: salud, educaci\u00f3n, y<a href=\"https:\/\/www.axon-software.biz\/a\/desarrollo-de-software\/\">[&#8230;]<\/a><\/p>\n","protected":false},"author":1,"featured_media":0,"parent":0,"menu_order":0,"comment_status":"closed","ping_status":"closed","template":"","meta":{"footnotes":""},"_links":{"self":[{"href":"https:\/\/www.axon-software.biz\/a\/wp-json\/wp\/v2\/pages\/28"}],"collection":[{"href":"https:\/\/www.axon-software.biz\/a\/wp-json\/wp\/v2\/pages"}],"about":[{"href":"https:\/\/www.axon-software.biz\/a\/wp-json\/wp\/v2\/types\/page"}],"author":[{"embeddable":true,"href":"https:\/\/www.axon-software.biz\/a\/wp-json\/wp\/v2\/users\/1"}],"replies":[{"embeddable":true,"href":"https:\/\/www.axon-software.biz\/a\/wp-json\/wp\/v2\/comments?post=28"}],"version-history":[{"count":7,"href":"https:\/\/www.axon-software.biz\/a\/wp-json\/wp\/v2\/pages\/28\/revisions"}],"predecessor-version":[{"id":144,"href":"https:\/\/www.axon-software.biz\/a\/wp-json\/wp\/v2\/pages\/28\/revisions\/144"}],"wp:attachment":[{"href":"https:\/\/www.axon-software.biz\/a\/wp-json\/wp\/v2\/media?parent=28"}],"curies":[{"name":"wp","href":"https:\/\/api.w.org\/{rel}","templated":true}]}}