{"id":30,"date":"2016-04-04T20:32:52","date_gmt":"2016-04-04T20:32:52","guid":{"rendered":"http:\/\/www.axon-software.biz\/a\/?page_id=30"},"modified":"2020-11-27T21:53:48","modified_gmt":"2020-11-27T21:53:48","slug":"gestion-documental","status":"publish","type":"page","link":"https:\/\/www.axon-software.biz\/a\/gestion-documental\/","title":{"rendered":"Gesti\u00f3n Documental"},"content":{"rendered":"\t\t<div data-elementor-type=\"wp-page\" data-elementor-id=\"30\" class=\"elementor elementor-30\">\n\t\t\t\t\t\t\t\t\t<section class=\"elementor-section elementor-top-section elementor-element elementor-element-be77552 elementor-section-boxed elementor-section-height-default elementor-section-height-default\" data-id=\"be77552\" data-element_type=\"section\">\n\t\t\t\t\t\t<div class=\"elementor-container elementor-column-gap-default\">\n\t\t\t\t\t<div class=\"elementor-column elementor-col-100 elementor-top-column elementor-element elementor-element-014066e\" data-id=\"014066e\" data-element_type=\"column\">\n\t\t\t<div class=\"elementor-widget-wrap elementor-element-populated\">\n\t\t\t\t\t\t\t\t<div class=\"elementor-element elementor-element-b7d2fa1 elementor-widget elementor-widget-image\" data-id=\"b7d2fa1\" data-element_type=\"widget\" data-widget_type=\"image.default\">\n\t\t\t\t<div class=\"elementor-widget-container\">\n\t\t\t\t\t\t\t\t\t\t\t\t\t\t\t<img loading=\"lazy\" decoding=\"async\" width=\"620\" height=\"411\" src=\"https:\/\/www.axon-software.biz\/a\/wp-content\/uploads\/2020\/11\/axongestiondocumental.jpg\" class=\"attachment-large size-large wp-image-145\" alt=\"\" srcset=\"https:\/\/www.axon-software.biz\/a\/wp-content\/uploads\/2020\/11\/axongestiondocumental.jpg 620w, https:\/\/www.axon-software.biz\/a\/wp-content\/uploads\/2020\/11\/axongestiondocumental-300x199.jpg 300w\" sizes=\"(max-width: 620px) 100vw, 620px\" \/>\t\t\t\t\t\t\t\t\t\t\t\t\t\t\t<\/div>\n\t\t\t\t<\/div>\n\t\t\t\t\t<\/div>\n\t\t<\/div>\n\t\t\t\t\t\t\t<\/div>\n\t\t<\/section>\n\t\t\t\t<section class=\"elementor-section elementor-top-section elementor-element elementor-element-52360187 elementor-section-boxed elementor-section-height-default elementor-section-height-default\" data-id=\"52360187\" data-element_type=\"section\">\n\t\t\t\t\t\t<div class=\"elementor-container elementor-column-gap-default\">\n\t\t\t\t\t<div class=\"elementor-column elementor-col-100 elementor-top-column elementor-element elementor-element-2f0aaa9d\" data-id=\"2f0aaa9d\" data-element_type=\"column\">\n\t\t\t<div class=\"elementor-widget-wrap elementor-element-populated\">\n\t\t\t\t\t\t\t\t<div class=\"elementor-element elementor-element-14d603e7 elementor-widget elementor-widget-text-editor\" data-id=\"14d603e7\" data-element_type=\"widget\" data-widget_type=\"text-editor.default\">\n\t\t\t\t<div class=\"elementor-widget-container\">\n\t\t\t\t\t\t\t<p style=\"text-align: justify;\">Mas del 50 % de nuestros proyectos son de <strong>gesti\u00f3n de informaci\u00f3n organizacional,<\/strong> esa es la mayor necesidad de toda compa\u00f1\u00eda: <strong>organizar<\/strong> sus <strong>datos hist\u00f3ricos<\/strong> y dejar disponible su material documental.<\/p><p style=\"text-align: justify;\"><br \/>Ax\u00f3n <strong>asesora y ayuda<\/strong> a implementar proyectos para proteger la memoria documental, a lo largo de toda la cadena: desde el registro hasta la custodia del documento f\u00edsico, esto incluye <strong>software y procedimientos.<\/strong><\/p>\t\t\t\t\t\t<\/div>\n\t\t\t\t<\/div>\n\t\t\t\t\t<\/div>\n\t\t<\/div>\n\t\t\t\t\t\t\t<\/div>\n\t\t<\/section>\n\t\t\t\t\t\t\t<\/div>\n\t\t","protected":false},"excerpt":{"rendered":"<p>Mas del 50 % de nuestros proyectos son de gesti\u00f3n de informaci\u00f3n organizacional, esa es la mayor necesidad de toda compa\u00f1\u00eda: organizar sus datos hist\u00f3ricos y dejar disponible su material documental. Ax\u00f3n asesora y ayuda a implementar proyectos para proteger la memoria documental, a lo largo de toda la cadena: desde el registro hasta la<a href=\"https:\/\/www.axon-software.biz\/a\/gestion-documental\/\">[&#8230;]<\/a><\/p>\n","protected":false},"author":1,"featured_media":0,"parent":0,"menu_order":0,"comment_status":"closed","ping_status":"closed","template":"","meta":{"footnotes":""},"_links":{"self":[{"href":"https:\/\/www.axon-software.biz\/a\/wp-json\/wp\/v2\/pages\/30"}],"collection":[{"href":"https:\/\/www.axon-software.biz\/a\/wp-json\/wp\/v2\/pages"}],"about":[{"href":"https:\/\/www.axon-software.biz\/a\/wp-json\/wp\/v2\/types\/page"}],"author":[{"embeddable":true,"href":"https:\/\/www.axon-software.biz\/a\/wp-json\/wp\/v2\/users\/1"}],"replies":[{"embeddable":true,"href":"https:\/\/www.axon-software.biz\/a\/wp-json\/wp\/v2\/comments?post=30"}],"version-history":[{"count":7,"href":"https:\/\/www.axon-software.biz\/a\/wp-json\/wp\/v2\/pages\/30\/revisions"}],"predecessor-version":[{"id":151,"href":"https:\/\/www.axon-software.biz\/a\/wp-json\/wp\/v2\/pages\/30\/revisions\/151"}],"wp:attachment":[{"href":"https:\/\/www.axon-software.biz\/a\/wp-json\/wp\/v2\/media?parent=30"}],"curies":[{"name":"wp","href":"https:\/\/api.w.org\/{rel}","templated":true}]}}