{"id":51,"date":"2016-04-04T21:12:41","date_gmt":"2016-04-04T21:12:41","guid":{"rendered":"http:\/\/www.axon-software.biz\/a\/?page_id=51"},"modified":"2020-12-01T16:11:24","modified_gmt":"2020-12-01T16:11:24","slug":"productos-y-servicios","status":"publish","type":"page","link":"https:\/\/www.axon-software.biz\/a\/productos-y-servicios\/","title":{"rendered":"Productos y Servicios"},"content":{"rendered":"\t\t<div data-elementor-type=\"wp-page\" data-elementor-id=\"51\" class=\"elementor elementor-51\">\n\t\t\t\t\t\t\t\t\t<section class=\"elementor-section elementor-top-section elementor-element elementor-element-1622eea elementor-section-boxed elementor-section-height-default elementor-section-height-default\" data-id=\"1622eea\" data-element_type=\"section\">\n\t\t\t\t\t\t<div class=\"elementor-container elementor-column-gap-default\">\n\t\t\t\t\t<div class=\"elementor-column elementor-col-100 elementor-top-column elementor-element elementor-element-027a983\" data-id=\"027a983\" data-element_type=\"column\">\n\t\t\t<div class=\"elementor-widget-wrap elementor-element-populated\">\n\t\t\t\t\t\t\t\t<div class=\"elementor-element elementor-element-a7780b6 elementor-widget elementor-widget-heading\" data-id=\"a7780b6\" data-element_type=\"widget\" data-widget_type=\"heading.default\">\n\t\t\t\t<div class=\"elementor-widget-container\">\n\t\t\t<h2 class=\"elementor-heading-title elementor-size-default\">Academia<\/h2>\t\t<\/div>\n\t\t\t\t<\/div>\n\t\t\t\t\t<\/div>\n\t\t<\/div>\n\t\t\t\t\t\t\t<\/div>\n\t\t<\/section>\n\t\t\t\t<section class=\"elementor-section elementor-top-section elementor-element elementor-element-e5620dd elementor-section-boxed elementor-section-height-default elementor-section-height-default\" data-id=\"e5620dd\" data-element_type=\"section\">\n\t\t\t\t\t\t<div class=\"elementor-container elementor-column-gap-default\">\n\t\t\t\t\t<div class=\"elementor-column elementor-col-100 elementor-top-column elementor-element elementor-element-1a72f8a\" data-id=\"1a72f8a\" data-element_type=\"column\">\n\t\t\t<div class=\"elementor-widget-wrap elementor-element-populated\">\n\t\t\t\t\t\t\t\t<div class=\"elementor-element elementor-element-fdb57a0 elementor-widget elementor-widget-image\" data-id=\"fdb57a0\" data-element_type=\"widget\" data-widget_type=\"image.default\">\n\t\t\t\t<div class=\"elementor-widget-container\">\n\t\t\t\t\t\t\t\t\t\t\t\t\t\t\t<img loading=\"lazy\" decoding=\"async\" width=\"622\" height=\"414\" src=\"https:\/\/www.axon-software.biz\/a\/wp-content\/uploads\/2020\/12\/academiaaxon.jpg\" class=\"attachment-large size-large wp-image-208\" alt=\"\" srcset=\"https:\/\/www.axon-software.biz\/a\/wp-content\/uploads\/2020\/12\/academiaaxon.jpg 622w, https:\/\/www.axon-software.biz\/a\/wp-content\/uploads\/2020\/12\/academiaaxon-300x200.jpg 300w\" sizes=\"(max-width: 622px) 100vw, 622px\" \/>\t\t\t\t\t\t\t\t\t\t\t\t\t\t\t<\/div>\n\t\t\t\t<\/div>\n\t\t\t\t\t<\/div>\n\t\t<\/div>\n\t\t\t\t\t\t\t<\/div>\n\t\t<\/section>\n\t\t\t\t<section class=\"elementor-section elementor-top-section elementor-element elementor-element-aad1a4f elementor-section-boxed elementor-section-height-default elementor-section-height-default\" data-id=\"aad1a4f\" data-element_type=\"section\">\n\t\t\t\t\t\t<div class=\"elementor-container elementor-column-gap-default\">\n\t\t\t\t\t<div class=\"elementor-column elementor-col-100 elementor-top-column elementor-element elementor-element-92ad875\" data-id=\"92ad875\" data-element_type=\"column\">\n\t\t\t<div class=\"elementor-widget-wrap elementor-element-populated\">\n\t\t\t\t\t\t\t\t<div class=\"elementor-element elementor-element-ef5271a elementor-widget elementor-widget-text-editor\" data-id=\"ef5271a\" data-element_type=\"widget\" data-widget_type=\"text-editor.default\">\n\t\t\t\t<div class=\"elementor-widget-container\">\n\t\t\t\t\t\t\t<p>Un colegio requiere administrar la informaci\u00f3n que se genera en la prestaci\u00f3n de sus <strong>servicios educativos,<\/strong> los cuales incluyen los resultados de todo un a\u00f1o acad\u00e9mico para cada <strong>estudiante, el plan de estudios, los docentes, la estrategia pedag\u00f3gica<\/strong> y el sistema de evaluaci\u00f3n dise\u00f1ado por la instituci\u00f3n. Esto gen\u00e9ricamente se conoce como <strong>sistematizaci\u00f3n de notas.<\/strong><\/p><p>Creemos firmemente que la sociedad actual requiere de la tecnolog\u00eda para administrar los grandes <strong>vol\u00famenes de datos<\/strong> que generamos y definitivamente necesitamos para nuestra operaci\u00f3n diaria. Esta es <strong>nuestra especialidad:<\/strong> aplicar la tecnolog\u00eda para la gesti\u00f3n de la informaci\u00f3n organizacional, y cuando se requiere nos aliamos y formamos equipo con otras empresas de excelencia profesional.<\/p>\t\t\t\t\t\t<\/div>\n\t\t\t\t<\/div>\n\t\t\t\t\t<\/div>\n\t\t<\/div>\n\t\t\t\t\t\t\t<\/div>\n\t\t<\/section>\n\t\t\t\t<section class=\"elementor-section elementor-top-section elementor-element elementor-element-5512f9c elementor-section-boxed elementor-section-height-default elementor-section-height-default\" data-id=\"5512f9c\" data-element_type=\"section\">\n\t\t\t\t\t\t<div class=\"elementor-container elementor-column-gap-default\">\n\t\t\t\t\t<div class=\"elementor-column elementor-col-100 elementor-top-column elementor-element elementor-element-1f7d627\" data-id=\"1f7d627\" data-element_type=\"column\">\n\t\t\t<div class=\"elementor-widget-wrap elementor-element-populated\">\n\t\t\t\t\t\t\t\t<div class=\"elementor-element elementor-element-e259d75 elementor-widget elementor-widget-heading\" data-id=\"e259d75\" data-element_type=\"widget\" data-widget_type=\"heading.default\">\n\t\t\t\t<div class=\"elementor-widget-container\">\n\t\t\t<h2 class=\"elementor-heading-title elementor-size-default\">Gesti\u00f3n Escolar<\/h2>\t\t<\/div>\n\t\t\t\t<\/div>\n\t\t\t\t\t<\/div>\n\t\t<\/div>\n\t\t\t\t\t\t\t<\/div>\n\t\t<\/section>\n\t\t\t\t<section class=\"elementor-section elementor-top-section elementor-element elementor-element-658d09b elementor-section-boxed elementor-section-height-default elementor-section-height-default\" data-id=\"658d09b\" data-element_type=\"section\">\n\t\t\t\t\t\t<div class=\"elementor-container elementor-column-gap-default\">\n\t\t\t\t\t<div class=\"elementor-column elementor-col-100 elementor-top-column elementor-element elementor-element-72570b0\" data-id=\"72570b0\" data-element_type=\"column\">\n\t\t\t<div class=\"elementor-widget-wrap elementor-element-populated\">\n\t\t\t\t\t\t\t\t<div class=\"elementor-element elementor-element-63b1a0a elementor-widget elementor-widget-image\" data-id=\"63b1a0a\" data-element_type=\"widget\" data-widget_type=\"image.default\">\n\t\t\t\t<div class=\"elementor-widget-container\">\n\t\t\t\t\t\t\t\t\t\t\t\t\t\t\t<img loading=\"lazy\" decoding=\"async\" width=\"622\" height=\"414\" src=\"https:\/\/www.axon-software.biz\/a\/wp-content\/uploads\/2020\/12\/gestionescolar.jpg\" class=\"attachment-large size-large wp-image-217\" alt=\"\" srcset=\"https:\/\/www.axon-software.biz\/a\/wp-content\/uploads\/2020\/12\/gestionescolar.jpg 622w, https:\/\/www.axon-software.biz\/a\/wp-content\/uploads\/2020\/12\/gestionescolar-300x200.jpg 300w\" sizes=\"(max-width: 622px) 100vw, 622px\" \/>\t\t\t\t\t\t\t\t\t\t\t\t\t\t\t<\/div>\n\t\t\t\t<\/div>\n\t\t\t\t\t<\/div>\n\t\t<\/div>\n\t\t\t\t\t\t\t<\/div>\n\t\t<\/section>\n\t\t\t\t<section class=\"elementor-section elementor-top-section elementor-element elementor-element-8217b94 elementor-section-boxed elementor-section-height-default elementor-section-height-default\" data-id=\"8217b94\" data-element_type=\"section\">\n\t\t\t\t\t\t<div class=\"elementor-container elementor-column-gap-default\">\n\t\t\t\t\t<div class=\"elementor-column elementor-col-100 elementor-top-column elementor-element elementor-element-6c1e25e\" data-id=\"6c1e25e\" data-element_type=\"column\">\n\t\t\t<div class=\"elementor-widget-wrap elementor-element-populated\">\n\t\t\t\t\t\t\t\t<div class=\"elementor-element elementor-element-16465df elementor-widget elementor-widget-text-editor\" data-id=\"16465df\" data-element_type=\"widget\" data-widget_type=\"text-editor.default\">\n\t\t\t\t<div class=\"elementor-widget-container\">\n\t\t\t\t\t\t\t<p><strong>Evaluaci\u00f3n Escolar:<\/strong><\/p><p>Configure el colegio y sus par\u00e1metros de evaluaci\u00f3n. A\u00f1adiendo los procesos del a\u00f1o escolar, como: matr\u00edculas, docentes, estudiantes, plan curricular, asignaci\u00f3n acad\u00e9mica, horarios, evaluaci\u00f3n, informes y estad\u00edsticas.<\/p>\t\t\t\t\t\t<\/div>\n\t\t\t\t<\/div>\n\t\t\t\t\t<\/div>\n\t\t<\/div>\n\t\t\t\t\t\t\t<\/div>\n\t\t<\/section>\n\t\t\t\t<section class=\"elementor-section elementor-top-section elementor-element elementor-element-5d20cb4 elementor-section-boxed elementor-section-height-default elementor-section-height-default\" data-id=\"5d20cb4\" data-element_type=\"section\">\n\t\t\t\t\t\t<div class=\"elementor-container elementor-column-gap-default\">\n\t\t\t\t\t<div class=\"elementor-column elementor-col-100 elementor-top-column elementor-element elementor-element-49dac17\" data-id=\"49dac17\" data-element_type=\"column\">\n\t\t\t<div class=\"elementor-widget-wrap elementor-element-populated\">\n\t\t\t\t\t\t\t\t<div class=\"elementor-element elementor-element-4a7dc0b elementor-widget elementor-widget-text-editor\" data-id=\"4a7dc0b\" data-element_type=\"widget\" data-widget_type=\"text-editor.default\">\n\t\t\t\t<div class=\"elementor-widget-container\">\n\t\t\t\t\t\t\t<p><strong>Certificados<\/strong><\/p><p>El hist\u00f3rico de certificados permite consolidar y preservar en medio magn\u00e9tico su archivo hist\u00f3rico de libros y certificados finales de a\u00f1os anteriores, constancias, estad\u00edsticas y datos para el DANE.<\/p>\t\t\t\t\t\t<\/div>\n\t\t\t\t<\/div>\n\t\t\t\t\t<\/div>\n\t\t<\/div>\n\t\t\t\t\t\t\t<\/div>\n\t\t<\/section>\n\t\t\t\t<section class=\"elementor-section elementor-top-section elementor-element elementor-element-e156650 elementor-section-boxed elementor-section-height-default elementor-section-height-default\" data-id=\"e156650\" data-element_type=\"section\">\n\t\t\t\t\t\t<div class=\"elementor-container elementor-column-gap-default\">\n\t\t\t\t\t<div class=\"elementor-column elementor-col-100 elementor-top-column elementor-element elementor-element-0518c17\" data-id=\"0518c17\" data-element_type=\"column\">\n\t\t\t<div class=\"elementor-widget-wrap elementor-element-populated\">\n\t\t\t\t\t\t\t\t<div class=\"elementor-element elementor-element-6480350 elementor-widget elementor-widget-text-editor\" data-id=\"6480350\" data-element_type=\"widget\" data-widget_type=\"text-editor.default\">\n\t\t\t\t<div class=\"elementor-widget-container\">\n\t\t\t\t\t\t\t<p><strong>Cronos<\/strong><\/p><p>El control de acceso permite registrar y conocer en tiempo real, la entrada y salida de las personas de inter\u00e9s para su organizaci\u00f3n, por ejemplo: administrativos, docentes, estudiantes y visitantes. Adicional, se generan los informes institucionales y estad\u00edsticos.<\/p>\t\t\t\t\t\t<\/div>\n\t\t\t\t<\/div>\n\t\t\t\t\t<\/div>\n\t\t<\/div>\n\t\t\t\t\t\t\t<\/div>\n\t\t<\/section>\n\t\t\t\t<section class=\"elementor-section elementor-top-section elementor-element elementor-element-94ac863 elementor-section-boxed elementor-section-height-default elementor-section-height-default\" data-id=\"94ac863\" data-element_type=\"section\">\n\t\t\t\t\t\t<div class=\"elementor-container elementor-column-gap-default\">\n\t\t\t\t\t<div class=\"elementor-column elementor-col-100 elementor-top-column elementor-element elementor-element-c25f749\" data-id=\"c25f749\" data-element_type=\"column\">\n\t\t\t<div class=\"elementor-widget-wrap elementor-element-populated\">\n\t\t\t\t\t\t\t\t<div class=\"elementor-element elementor-element-b6ecb1c elementor-widget elementor-widget-text-editor\" data-id=\"b6ecb1c\" data-element_type=\"widget\" data-widget_type=\"text-editor.default\">\n\t\t\t\t<div class=\"elementor-widget-container\">\n\t\t\t\t\t\t\t<p><strong>Recaudos<\/strong><\/p><p>La gesti\u00f3n pagadur\u00eda permite configurar la estructura de conceptos de cobro y procesar las transacciones de facturaci\u00f3n, control de cartera, paz y salvos, informes y documentos contables.<\/p>\t\t\t\t\t\t<\/div>\n\t\t\t\t<\/div>\n\t\t\t\t\t<\/div>\n\t\t<\/div>\n\t\t\t\t\t\t\t<\/div>\n\t\t<\/section>\n\t\t\t\t<section class=\"elementor-section elementor-top-section elementor-element elementor-element-593d445 elementor-section-boxed elementor-section-height-default elementor-section-height-default\" data-id=\"593d445\" data-element_type=\"section\">\n\t\t\t\t\t\t<div class=\"elementor-container elementor-column-gap-default\">\n\t\t\t\t\t<div class=\"elementor-column elementor-col-100 elementor-top-column elementor-element elementor-element-779ce3a\" data-id=\"779ce3a\" data-element_type=\"column\">\n\t\t\t<div class=\"elementor-widget-wrap elementor-element-populated\">\n\t\t\t\t\t\t\t\t<div class=\"elementor-element elementor-element-46f8d0d elementor-widget elementor-widget-heading\" data-id=\"46f8d0d\" data-element_type=\"widget\" data-widget_type=\"heading.default\">\n\t\t\t\t<div class=\"elementor-widget-container\">\n\t\t\t<h2 class=\"elementor-heading-title elementor-size-default\">Nota Escolar<\/h2>\t\t<\/div>\n\t\t\t\t<\/div>\n\t\t\t\t\t<\/div>\n\t\t<\/div>\n\t\t\t\t\t\t\t<\/div>\n\t\t<\/section>\n\t\t\t\t<section class=\"elementor-section elementor-top-section elementor-element elementor-element-f5a42b1 elementor-section-boxed elementor-section-height-default elementor-section-height-default\" data-id=\"f5a42b1\" data-element_type=\"section\">\n\t\t\t\t\t\t<div class=\"elementor-container elementor-column-gap-default\">\n\t\t\t\t\t<div class=\"elementor-column elementor-col-100 elementor-top-column elementor-element elementor-element-46bc317\" data-id=\"46bc317\" data-element_type=\"column\">\n\t\t\t<div class=\"elementor-widget-wrap elementor-element-populated\">\n\t\t\t\t\t\t\t\t<div class=\"elementor-element elementor-element-cedae4f elementor-widget elementor-widget-image\" data-id=\"cedae4f\" data-element_type=\"widget\" data-widget_type=\"image.default\">\n\t\t\t\t<div class=\"elementor-widget-container\">\n\t\t\t\t\t\t\t\t\t\t\t\t\t\t\t<img loading=\"lazy\" decoding=\"async\" width=\"622\" height=\"414\" src=\"https:\/\/www.axon-software.biz\/a\/wp-content\/uploads\/2020\/12\/notaescolar.jpg\" class=\"attachment-large size-large wp-image-234\" alt=\"\" srcset=\"https:\/\/www.axon-software.biz\/a\/wp-content\/uploads\/2020\/12\/notaescolar.jpg 622w, https:\/\/www.axon-software.biz\/a\/wp-content\/uploads\/2020\/12\/notaescolar-300x200.jpg 300w\" sizes=\"(max-width: 622px) 100vw, 622px\" \/>\t\t\t\t\t\t\t\t\t\t\t\t\t\t\t<\/div>\n\t\t\t\t<\/div>\n\t\t\t\t\t<\/div>\n\t\t<\/div>\n\t\t\t\t\t\t\t<\/div>\n\t\t<\/section>\n\t\t\t\t<section class=\"elementor-section elementor-top-section elementor-element elementor-element-3ebae47 elementor-section-boxed elementor-section-height-default elementor-section-height-default\" data-id=\"3ebae47\" data-element_type=\"section\">\n\t\t\t\t\t\t<div class=\"elementor-container elementor-column-gap-default\">\n\t\t\t\t\t<div class=\"elementor-column elementor-col-100 elementor-top-column elementor-element elementor-element-18afe80\" data-id=\"18afe80\" data-element_type=\"column\">\n\t\t\t<div class=\"elementor-widget-wrap elementor-element-populated\">\n\t\t\t\t\t\t\t\t<div class=\"elementor-element elementor-element-c545ad1 elementor-widget elementor-widget-text-editor\" data-id=\"c545ad1\" data-element_type=\"widget\" data-widget_type=\"text-editor.default\">\n\t\t\t\t<div class=\"elementor-widget-container\">\n\t\t\t\t\t\t\t<p>Ax\u00f3n habilita sus servicios de modo que el personal del colegio <strong>registra directamente su informaci\u00f3n<\/strong> reduciendo la innecesaria intermediaci\u00f3n, reasignando la calidad de los datos en sus propietarios y reduciendo dr\u00e1sticamente los tiempos de procesamiento de datos, lo que<strong> favorece<\/strong> a toda la<strong> comunidad educativa.<\/strong><\/p><p><a href=\"http:\/\/notaescolar.com\/s19\/\" target=\"_blank\" rel=\"noopener\"><span style=\"text-decoration: underline;\"><em>Conoce m\u00e1s aqu\u00ed.<\/em><\/span><\/a><\/p>\t\t\t\t\t\t<\/div>\n\t\t\t\t<\/div>\n\t\t\t\t\t<\/div>\n\t\t<\/div>\n\t\t\t\t\t\t\t<\/div>\n\t\t<\/section>\n\t\t\t\t<section class=\"elementor-section elementor-top-section elementor-element elementor-element-73e33e2 elementor-section-boxed elementor-section-height-default elementor-section-height-default\" data-id=\"73e33e2\" data-element_type=\"section\">\n\t\t\t\t\t\t<div class=\"elementor-container elementor-column-gap-default\">\n\t\t\t\t\t<div class=\"elementor-column elementor-col-100 elementor-top-column elementor-element elementor-element-f32bbe4\" data-id=\"f32bbe4\" data-element_type=\"column\">\n\t\t\t<div class=\"elementor-widget-wrap elementor-element-populated\">\n\t\t\t\t\t\t\t\t<div class=\"elementor-element elementor-element-262dcf4 elementor-widget elementor-widget-heading\" data-id=\"262dcf4\" data-element_type=\"widget\" data-widget_type=\"heading.default\">\n\t\t\t\t<div class=\"elementor-widget-container\">\n\t\t\t<h2 class=\"elementor-heading-title elementor-size-default\">Asesor\u00eda<\/h2>\t\t<\/div>\n\t\t\t\t<\/div>\n\t\t\t\t\t<\/div>\n\t\t<\/div>\n\t\t\t\t\t\t\t<\/div>\n\t\t<\/section>\n\t\t\t\t<section class=\"elementor-section elementor-top-section elementor-element elementor-element-dd3b2b6 elementor-section-boxed elementor-section-height-default elementor-section-height-default\" data-id=\"dd3b2b6\" data-element_type=\"section\">\n\t\t\t\t\t\t<div class=\"elementor-container elementor-column-gap-default\">\n\t\t\t\t\t<div class=\"elementor-column elementor-col-100 elementor-top-column elementor-element elementor-element-35139ee\" data-id=\"35139ee\" data-element_type=\"column\">\n\t\t\t<div class=\"elementor-widget-wrap elementor-element-populated\">\n\t\t\t\t\t\t\t\t<div class=\"elementor-element elementor-element-5b2ebd6 elementor-widget elementor-widget-image\" data-id=\"5b2ebd6\" data-element_type=\"widget\" data-widget_type=\"image.default\">\n\t\t\t\t<div class=\"elementor-widget-container\">\n\t\t\t\t\t\t\t\t\t\t\t\t\t\t\t<img loading=\"lazy\" decoding=\"async\" width=\"622\" height=\"414\" src=\"https:\/\/www.axon-software.biz\/a\/wp-content\/uploads\/2020\/12\/asesoria.jpg\" class=\"attachment-large size-large wp-image-245\" alt=\"\" srcset=\"https:\/\/www.axon-software.biz\/a\/wp-content\/uploads\/2020\/12\/asesoria.jpg 622w, https:\/\/www.axon-software.biz\/a\/wp-content\/uploads\/2020\/12\/asesoria-300x200.jpg 300w\" sizes=\"(max-width: 622px) 100vw, 622px\" \/>\t\t\t\t\t\t\t\t\t\t\t\t\t\t\t<\/div>\n\t\t\t\t<\/div>\n\t\t\t\t\t<\/div>\n\t\t<\/div>\n\t\t\t\t\t\t\t<\/div>\n\t\t<\/section>\n\t\t\t\t<section class=\"elementor-section elementor-top-section elementor-element elementor-element-4711085 elementor-section-boxed elementor-section-height-default elementor-section-height-default\" data-id=\"4711085\" data-element_type=\"section\">\n\t\t\t\t\t\t<div class=\"elementor-container elementor-column-gap-default\">\n\t\t\t\t\t<div class=\"elementor-column elementor-col-100 elementor-top-column elementor-element elementor-element-a0a356b\" data-id=\"a0a356b\" data-element_type=\"column\">\n\t\t\t<div class=\"elementor-widget-wrap elementor-element-populated\">\n\t\t\t\t\t\t\t\t<div class=\"elementor-element elementor-element-cbde025 elementor-widget elementor-widget-text-editor\" data-id=\"cbde025\" data-element_type=\"widget\" data-widget_type=\"text-editor.default\">\n\t\t\t\t<div class=\"elementor-widget-container\">\n\t\t\t\t\t\t\t<ul><li>Atenci\u00f3n telef\u00f3nica.<\/li><li>Indicaciones sobre uso de documentos.<\/li><li>Respuestas v\u00eda correo electr\u00f3nico.<\/li><li>Resoluci\u00f3n de dudas.<\/li><li>Tiempo de respuestas a corto plazo.<\/li><\/ul>\t\t\t\t\t\t<\/div>\n\t\t\t\t<\/div>\n\t\t\t\t\t<\/div>\n\t\t<\/div>\n\t\t\t\t\t\t\t<\/div>\n\t\t<\/section>\n\t\t\t\t<section class=\"elementor-section elementor-top-section elementor-element elementor-element-cc92280 elementor-section-boxed elementor-section-height-default elementor-section-height-default\" data-id=\"cc92280\" data-element_type=\"section\">\n\t\t\t\t\t\t<div class=\"elementor-container elementor-column-gap-default\">\n\t\t\t\t\t<div class=\"elementor-column elementor-col-100 elementor-top-column elementor-element elementor-element-b269eb8\" data-id=\"b269eb8\" data-element_type=\"column\">\n\t\t\t<div class=\"elementor-widget-wrap elementor-element-populated\">\n\t\t\t\t\t\t\t\t<div class=\"elementor-element elementor-element-5919b44 elementor-widget elementor-widget-heading\" data-id=\"5919b44\" data-element_type=\"widget\" data-widget_type=\"heading.default\">\n\t\t\t\t<div class=\"elementor-widget-container\">\n\t\t\t<h2 class=\"elementor-heading-title elementor-size-default\">Mantenimiento<\/h2>\t\t<\/div>\n\t\t\t\t<\/div>\n\t\t\t\t\t<\/div>\n\t\t<\/div>\n\t\t\t\t\t\t\t<\/div>\n\t\t<\/section>\n\t\t\t\t<section class=\"elementor-section elementor-top-section elementor-element elementor-element-f465a7e elementor-section-boxed elementor-section-height-default elementor-section-height-default\" data-id=\"f465a7e\" data-element_type=\"section\">\n\t\t\t\t\t\t<div class=\"elementor-container elementor-column-gap-default\">\n\t\t\t\t\t<div class=\"elementor-column elementor-col-100 elementor-top-column elementor-element elementor-element-32ada08\" data-id=\"32ada08\" data-element_type=\"column\">\n\t\t\t<div class=\"elementor-widget-wrap elementor-element-populated\">\n\t\t\t\t\t\t\t\t<div class=\"elementor-element elementor-element-5364ad2 elementor-widget elementor-widget-image\" data-id=\"5364ad2\" data-element_type=\"widget\" data-widget_type=\"image.default\">\n\t\t\t\t<div class=\"elementor-widget-container\">\n\t\t\t\t\t\t\t\t\t\t\t\t\t\t\t<img loading=\"lazy\" decoding=\"async\" width=\"622\" height=\"414\" src=\"https:\/\/www.axon-software.biz\/a\/wp-content\/uploads\/2020\/12\/mantenimientoaxon.jpg\" class=\"attachment-large size-large wp-image-252\" alt=\"\" srcset=\"https:\/\/www.axon-software.biz\/a\/wp-content\/uploads\/2020\/12\/mantenimientoaxon.jpg 622w, https:\/\/www.axon-software.biz\/a\/wp-content\/uploads\/2020\/12\/mantenimientoaxon-300x200.jpg 300w\" sizes=\"(max-width: 622px) 100vw, 622px\" \/>\t\t\t\t\t\t\t\t\t\t\t\t\t\t\t<\/div>\n\t\t\t\t<\/div>\n\t\t\t\t\t<\/div>\n\t\t<\/div>\n\t\t\t\t\t\t\t<\/div>\n\t\t<\/section>\n\t\t\t\t<section class=\"elementor-section elementor-top-section elementor-element elementor-element-0126863 elementor-section-boxed elementor-section-height-default elementor-section-height-default\" data-id=\"0126863\" data-element_type=\"section\">\n\t\t\t\t\t\t<div class=\"elementor-container elementor-column-gap-default\">\n\t\t\t\t\t<div class=\"elementor-column elementor-col-100 elementor-top-column elementor-element elementor-element-210d2ac\" data-id=\"210d2ac\" data-element_type=\"column\">\n\t\t\t<div class=\"elementor-widget-wrap elementor-element-populated\">\n\t\t\t\t\t\t\t\t<section class=\"elementor-section elementor-inner-section elementor-element elementor-element-0d25d05 elementor-section-boxed elementor-section-height-default elementor-section-height-default\" data-id=\"0d25d05\" data-element_type=\"section\">\n\t\t\t\t\t\t<div class=\"elementor-container elementor-column-gap-default\">\n\t\t\t\t\t<div class=\"elementor-column elementor-col-50 elementor-inner-column elementor-element elementor-element-00908e5\" data-id=\"00908e5\" data-element_type=\"column\">\n\t\t\t<div class=\"elementor-widget-wrap elementor-element-populated\">\n\t\t\t\t\t\t\t\t<div class=\"elementor-element elementor-element-41cdbf9 elementor-widget elementor-widget-text-editor\" data-id=\"41cdbf9\" data-element_type=\"widget\" data-widget_type=\"text-editor.default\">\n\t\t\t\t<div class=\"elementor-widget-container\">\n\t\t\t\t\t\t\t<ul><li>Indicaciones para aplicar las<br \/>normas de ley.<\/li><li>Asistencia para aplicar los servicios<br \/>del producto del colegio.<\/li><\/ul>\t\t\t\t\t\t<\/div>\n\t\t\t\t<\/div>\n\t\t\t\t\t<\/div>\n\t\t<\/div>\n\t\t\t\t<div class=\"elementor-column elementor-col-50 elementor-inner-column elementor-element elementor-element-88fcf10\" data-id=\"88fcf10\" data-element_type=\"column\">\n\t\t\t<div class=\"elementor-widget-wrap elementor-element-populated\">\n\t\t\t\t\t\t\t\t<div class=\"elementor-element elementor-element-9da334a elementor-widget elementor-widget-text-editor\" data-id=\"9da334a\" data-element_type=\"widget\" data-widget_type=\"text-editor.default\">\n\t\t\t\t<div class=\"elementor-widget-container\">\n\t\t\t\t\t\t\t<ul><li>Derecho a ajustes menores.<\/li><li>Recuperaci\u00f3n de bases de datos.<\/li><li>Correcci\u00f3n de errores prioritarios.<\/li><li>Entrega de nuevas versiones.<\/li><\/ul>\t\t\t\t\t\t<\/div>\n\t\t\t\t<\/div>\n\t\t\t\t\t<\/div>\n\t\t<\/div>\n\t\t\t\t\t\t\t<\/div>\n\t\t<\/section>\n\t\t\t\t\t<\/div>\n\t\t<\/div>\n\t\t\t\t\t\t\t<\/div>\n\t\t<\/section>\n\t\t\t\t\t\t\t<\/div>\n\t\t","protected":false},"excerpt":{"rendered":"<p>Academia Un colegio requiere administrar la informaci\u00f3n que se genera en la prestaci\u00f3n de sus servicios educativos, los cuales incluyen los resultados de todo un a\u00f1o acad\u00e9mico para cada estudiante, el plan de estudios, los docentes, la estrategia pedag\u00f3gica y el sistema de evaluaci\u00f3n dise\u00f1ado por la instituci\u00f3n. Esto gen\u00e9ricamente se conoce como sistematizaci\u00f3n de<a href=\"https:\/\/www.axon-software.biz\/a\/productos-y-servicios\/\">[&#8230;]<\/a><\/p>\n","protected":false},"author":1,"featured_media":0,"parent":0,"menu_order":0,"comment_status":"closed","ping_status":"closed","template":"","meta":{"footnotes":""},"_links":{"self":[{"href":"https:\/\/www.axon-software.biz\/a\/wp-json\/wp\/v2\/pages\/51"}],"collection":[{"href":"https:\/\/www.axon-software.biz\/a\/wp-json\/wp\/v2\/pages"}],"about":[{"href":"https:\/\/www.axon-software.biz\/a\/wp-json\/wp\/v2\/types\/page"}],"author":[{"embeddable":true,"href":"https:\/\/www.axon-software.biz\/a\/wp-json\/wp\/v2\/users\/1"}],"replies":[{"embeddable":true,"href":"https:\/\/www.axon-software.biz\/a\/wp-json\/wp\/v2\/comments?post=51"}],"version-history":[{"count":44,"href":"https:\/\/www.axon-software.biz\/a\/wp-json\/wp\/v2\/pages\/51\/revisions"}],"predecessor-version":[{"id":258,"href":"https:\/\/www.axon-software.biz\/a\/wp-json\/wp\/v2\/pages\/51\/revisions\/258"}],"wp:attachment":[{"href":"https:\/\/www.axon-software.biz\/a\/wp-json\/wp\/v2\/media?parent=51"}],"curies":[{"name":"wp","href":"https:\/\/api.w.org\/{rel}","templated":true}]}}